{"id":172,"date":"2018-02-08T08:48:04","date_gmt":"2018-02-08T07:48:04","guid":{"rendered":"http:\/\/andre-diwine.com\/?page_id=172"},"modified":"2022-01-05T15:08:04","modified_gmt":"2022-01-05T14:08:04","slug":"liens","status":"publish","type":"page","link":"https:\/\/andre-diwine.com\/index.php\/liens\/","title":{"rendered":"Liens"},"content":{"rendered":"<p>[et_pb_section fb_built=\u00a0\u00bb1&Prime; _builder_version=\u00a0\u00bb3.22&Prime; global_colors_info=\u00a0\u00bb{}\u00a0\u00bb][et_pb_row column_structure=\u00a0\u00bb1_3,1_3,1_3&Prime; _builder_version=\u00a0\u00bb3.25&Prime; background_size=\u00a0\u00bbinitial\u00a0\u00bb background_position=\u00a0\u00bbtop_left\u00a0\u00bb background_repeat=\u00a0\u00bbrepeat\u00a0\u00bb global_colors_info=\u00a0\u00bb{}\u00a0\u00bb][et_pb_column type=\u00a0\u00bb1_3&Prime; _builder_version=\u00a0\u00bb3.25&Prime; custom_padding=\u00a0\u00bb|||\u00a0\u00bb global_colors_info=\u00a0\u00bb{}\u00a0\u00bb custom_padding__hover=\u00a0\u00bb|||\u00a0\u00bb][et_pb_team_member name=\u00a0\u00bb                        Th\u00e9rapeutes\u00a0\u00bb image_url=\u00a0\u00bbhttp:\/\/andre-diwine.com\/wp-content\/uploads\/2021\/12\/foret.jpg\u00a0\u00bb admin_label=\u00a0\u00bbTeam Member\u00a0\u00bb _builder_version=\u00a0\u00bb4.14.4&Prime; header_level=\u00a0\u00bbh1&Prime; header_font=\u00a0\u00bbComfortaa||||\u00a0\u00bb header_text_align=\u00a0\u00bbleft\u00a0\u00bb header_text_color=\u00a0\u00bb#444235&Prime; header_font_size=\u00a0\u00bb25px\u00a0\u00bb header_line_height=\u00a0\u00bb1.3em\u00a0\u00bb body_font=\u00a0\u00bbOpen Sans||||\u00a0\u00bb body_text_color=\u00a0\u00bb#828282&Prime; body_font_size=\u00a0\u00bb14px\u00a0\u00bb body_line_height=\u00a0\u00bb1.5em\u00a0\u00bb background_size=\u00a0\u00bbinitial\u00a0\u00bb background_position=\u00a0\u00bbtop_left\u00a0\u00bb background_repeat=\u00a0\u00bbrepeat\u00a0\u00bb text_orientation=\u00a0\u00bbleft\u00a0\u00bb module_alignment=\u00a0\u00bbcenter\u00a0\u00bb custom_margin=\u00a0\u00bb||10%||false|false\u00a0\u00bb animation_style=\u00a0\u00bbslide\u00a0\u00bb animation_direction=\u00a0\u00bbtop\u00a0\u00bb animation_intensity_slide=\u00a0\u00bb2%\u00a0\u00bb header_font_size_tablet=\u00a0\u00bb25px\u00a0\u00bb header_font_size_phone=\u00a0\u00bb21px\u00a0\u00bb header_font_size_last_edited=\u00a0\u00bbon|desktop\u00a0\u00bb border_radii_image=\u00a0\u00bbon|20px|20px|20px|20px\u00a0\u00bb box_shadow_style_image=\u00a0\u00bbpreset3&Prime; global_colors_info=\u00a0\u00bb{}\u00a0\u00bb]<\/p>\n<p>&nbsp;<\/p>\n<p><strong>Claudia Gaul\u00e9 :<br \/><\/strong><a href=\"http:\/\/centrebreguet.fr\" target=\"_blank\" rel=\"noopener\">www.centrebreguet.fr<\/a><\/p>\n<p><strong>Gestaltexchange :<br \/><\/strong><a href=\"\/\/www.gestaltexchange.fr\" target=\"_blank\" rel=\"noopener\">www.gestaltexchange.fr<\/a><\/p>\n<p>[\/et_pb_team_member][\/et_pb_column][et_pb_column type=\u00a0\u00bb1_3&Prime; _builder_version=\u00a0\u00bb3.25&Prime; custom_padding=\u00a0\u00bb|||\u00a0\u00bb global_colors_info=\u00a0\u00bb{}\u00a0\u00bb custom_padding__hover=\u00a0\u00bb|||\u00a0\u00bb][et_pb_team_member name=\u00a0\u00bb Associations\u00a0\u00bb image_url=\u00a0\u00bbhttp:\/\/andre-diwine.com\/wp-content\/uploads\/2021\/12\/water.jpg\u00a0\u00bb admin_label=\u00a0\u00bbTeam Member\u00a0\u00bb _builder_version=\u00a0\u00bb4.14.4&Prime; header_level=\u00a0\u00bbh1&Prime; header_font=\u00a0\u00bbComfortaa||||\u00a0\u00bb header_text_align=\u00a0\u00bbleft\u00a0\u00bb header_text_color=\u00a0\u00bb#444235&Prime; header_font_size=\u00a0\u00bb25px\u00a0\u00bb header_line_height=\u00a0\u00bb1.3em\u00a0\u00bb body_font=\u00a0\u00bbOpen Sans||||\u00a0\u00bb body_text_color=\u00a0\u00bb#828282&Prime; body_font_size=\u00a0\u00bb14px\u00a0\u00bb body_line_height=\u00a0\u00bb1.5em\u00a0\u00bb background_size=\u00a0\u00bbinitial\u00a0\u00bb background_position=\u00a0\u00bbtop_left\u00a0\u00bb background_repeat=\u00a0\u00bbrepeat\u00a0\u00bb text_orientation=\u00a0\u00bbleft\u00a0\u00bb module_alignment=\u00a0\u00bbcenter\u00a0\u00bb custom_margin=\u00a0\u00bb||10%||false|false\u00a0\u00bb animation_style=\u00a0\u00bbslide\u00a0\u00bb animation_direction=\u00a0\u00bbtop\u00a0\u00bb animation_intensity_slide=\u00a0\u00bb2%\u00a0\u00bb header_text_align_tablet=\u00a0\u00bbleft\u00a0\u00bb header_text_align_phone=\u00a0\u00bbleft\u00a0\u00bb header_text_align_last_edited=\u00a0\u00bboff|desktop\u00a0\u00bb header_font_size_tablet=\u00a0\u00bb25px\u00a0\u00bb header_font_size_phone=\u00a0\u00bb21px\u00a0\u00bb header_font_size_last_edited=\u00a0\u00bbon|desktop\u00a0\u00bb border_radii_image=\u00a0\u00bbon|20px|20px|20px|20px\u00a0\u00bb box_shadow_style_image=\u00a0\u00bbpreset3&Prime; global_colors_info=\u00a0\u00bb{}\u00a0\u00bb]<\/p>\n<p>&nbsp;<\/p>\n<p><strong>Association Europ\u00e9enne de Psychoth\u00e9rapie (EAP)<\/strong><br \/><a href=\"http:\/\/www.eagt.org\" target=\"_blank\" rel=\"noopener\">www.eagt.org<\/a><\/p>\n<p><strong>Syndicat National des Praticiens en Psychoth\u00e9rapie (SNPpsy)<\/strong><br \/><a href=\"http:\/\/www.snppsy.org\" target=\"_blank\" rel=\"noopener\">www.snppsy.org<\/a><\/p>\n<p><strong>F\u00e9d\u00e9ration Fran\u00e7aise de Psychanalyse et de Psychoth\u00e9rapie (FF2P)<\/strong><br \/><a href=\"http:\/\/www.ff2p.fr\" target=\"_blank\" rel=\"noopener\">www.ff2p.fr<\/a><\/p>\n<p><strong>Soci\u00e9t\u00e9 Fran\u00e7aise de Gestalt (SFG)<\/strong><br \/><a href=\"http:\/\/www.sfgestalt.org\" target=\"_blank\" rel=\"noopener\">www.sfgestalt.org<\/a><\/p>\n<p>[\/et_pb_team_member][\/et_pb_column][et_pb_column type=\u00a0\u00bb1_3&Prime; _builder_version=\u00a0\u00bb3.25&Prime; custom_padding=\u00a0\u00bb|||\u00a0\u00bb global_colors_info=\u00a0\u00bb{}\u00a0\u00bb custom_padding__hover=\u00a0\u00bb|||\u00a0\u00bb][et_pb_team_member name=\u00a0\u00bbEcoles en Lien\u00a0\u00bb image_url=\u00a0\u00bbhttp:\/\/andre-diwine.com\/wp-content\/uploads\/2021\/12\/artichau.jpg\u00a0\u00bb admin_label=\u00a0\u00bbTeam Member\u00a0\u00bb _builder_version=\u00a0\u00bb4.14.4&Prime; header_level=\u00a0\u00bbh1&Prime; header_font=\u00a0\u00bbComfortaa||||\u00a0\u00bb header_text_align=\u00a0\u00bbleft\u00a0\u00bb header_text_color=\u00a0\u00bb#444235&Prime; header_font_size=\u00a0\u00bb25px\u00a0\u00bb header_line_height=\u00a0\u00bb1.3em\u00a0\u00bb body_font=\u00a0\u00bbOpen Sans||||\u00a0\u00bb body_text_color=\u00a0\u00bb#828282&Prime; body_font_size=\u00a0\u00bb14px\u00a0\u00bb body_line_height=\u00a0\u00bb1.5em\u00a0\u00bb background_size=\u00a0\u00bbinitial\u00a0\u00bb background_position=\u00a0\u00bbtop_left\u00a0\u00bb background_repeat=\u00a0\u00bbrepeat\u00a0\u00bb text_orientation=\u00a0\u00bbleft\u00a0\u00bb module_alignment=\u00a0\u00bbcenter\u00a0\u00bb custom_margin=\u00a0\u00bb||10%||false|false\u00a0\u00bb animation_style=\u00a0\u00bbslide\u00a0\u00bb animation_direction=\u00a0\u00bbtop\u00a0\u00bb animation_intensity_slide=\u00a0\u00bb2%\u00a0\u00bb header_font_size_tablet=\u00a0\u00bb25px\u00a0\u00bb header_font_size_phone=\u00a0\u00bb21px\u00a0\u00bb header_font_size_last_edited=\u00a0\u00bbon|desktop\u00a0\u00bb border_radii_image=\u00a0\u00bbon|20px|20px|20px|20px\u00a0\u00bb box_shadow_style_image=\u00a0\u00bbpreset3&Prime; global_colors_info=\u00a0\u00bb{}\u00a0\u00bb]<\/p>\n<p>&nbsp;<\/p>\n<p><strong>Ecole Parisienne de Gestalt (EPG)\u00a0<\/strong><br \/><a href=\"http:\/\/www.epg-gestalt.fr\" target=\"_blank\" rel=\"noopener\">www.epg-gestalt.fr<\/a><\/p>\n<p><strong>Ecole de Gestalt de Rennes Gestalt plus<\/strong><br \/><a href=\"http:\/\/www.gestalt-plus.fr\" target=\"_blank\" rel=\"noopener\">www.gestalt-plus.fr<\/a><\/p>\n<p><strong>Institut de Gestalt du Nord Champ G<\/strong><br \/><a href=\"http:\/\/champg.com\" target=\"_blank\" rel=\"noopener\">www.champg.com<\/a><\/p>\n<p><strong>Institut Gestalt-th\u00e9rapie recherche formation Grefor<\/strong><br \/><a href=\"http:\/\/www.gestalt-grefor.com\" target=\"_blank\" rel=\"noopener\" title=\"www.gestalt-grefor.com\">www.gestalt-grefor.com<\/a><\/p>\n<p><strong>Institut Fran\u00e7ais de Gestalt-th\u00e9rapie IFGT<\/strong><br \/><a href=\"http:\/\/www.gestalt-ifgt.com\" target=\"_blank\" rel=\"noopener\">www.gestalt-ifgt.com<\/a><\/p>\n<p>[\/et_pb_team_member][\/et_pb_column][\/et_pb_row][\/et_pb_section]<\/p>\n","protected":false},"excerpt":{"rendered":"<p>&nbsp; Claudia Gaul\u00e9 :www.centrebreguet.fr Gestaltexchange :www.gestaltexchange.fr&nbsp; Association Europ\u00e9enne de Psychoth\u00e9rapie (EAP)www.eagt.org Syndicat National des Praticiens en Psychoth\u00e9rapie (SNPpsy)www.snppsy.org F\u00e9d\u00e9ration Fran\u00e7aise de Psychanalyse et de Psychoth\u00e9rapie (FF2P)www.ff2p.fr Soci\u00e9t\u00e9 Fran\u00e7aise de Gestalt (SFG)www.sfgestalt.org&nbsp; Ecole Parisienne de Gestalt (EPG)\u00a0www.epg-gestalt.fr Ecole de Gestalt de Rennes Gestalt pluswww.gestalt-plus.fr Institut de Gestalt du Nord Champ Gwww.champg.com Institut Gestalt-th\u00e9rapie recherche formation Greforwww.gestalt-grefor.com [&hellip;]<\/p>\n","protected":false},"author":1,"featured_media":0,"parent":0,"menu_order":0,"comment_status":"closed","ping_status":"closed","template":"","meta":{"_et_pb_use_builder":"on","_et_pb_old_content":"","_et_gb_content_width":"","footnotes":""},"class_list":["post-172","page","type-page","status-publish","hentry"],"jetpack_sharing_enabled":true,"_links":{"self":[{"href":"https:\/\/andre-diwine.com\/index.php\/wp-json\/wp\/v2\/pages\/172"}],"collection":[{"href":"https:\/\/andre-diwine.com\/index.php\/wp-json\/wp\/v2\/pages"}],"about":[{"href":"https:\/\/andre-diwine.com\/index.php\/wp-json\/wp\/v2\/types\/page"}],"author":[{"embeddable":true,"href":"https:\/\/andre-diwine.com\/index.php\/wp-json\/wp\/v2\/users\/1"}],"replies":[{"embeddable":true,"href":"https:\/\/andre-diwine.com\/index.php\/wp-json\/wp\/v2\/comments?post=172"}],"version-history":[{"count":15,"href":"https:\/\/andre-diwine.com\/index.php\/wp-json\/wp\/v2\/pages\/172\/revisions"}],"predecessor-version":[{"id":593,"href":"https:\/\/andre-diwine.com\/index.php\/wp-json\/wp\/v2\/pages\/172\/revisions\/593"}],"wp:attachment":[{"href":"https:\/\/andre-diwine.com\/index.php\/wp-json\/wp\/v2\/media?parent=172"}],"curies":[{"name":"wp","href":"https:\/\/api.w.org\/{rel}","templated":true}]}}