{"id":178,"date":"2018-02-08T09:19:38","date_gmt":"2018-02-08T08:19:38","guid":{"rendered":"http:\/\/andre-diwine.com\/?page_id=178"},"modified":"2018-02-08T09:51:00","modified_gmt":"2018-02-08T08:51:00","slug":"mentions-legales","status":"publish","type":"page","link":"https:\/\/andre-diwine.com\/index.php\/mentions-legales\/","title":{"rendered":"Mentions L\u00e9gales"},"content":{"rendered":"<h2>1. Editeur et Responsable de la publication :<\/h2>\n<p>Andr\u00e9 Diwine<br \/>\n17 rue, de l&rsquo;Oriflamme 84 000 Avignon<\/p>\n<p>Vous pouvez contacter Andr\u00e9 Diwine par<br \/>\n\u2013 t\u00e9l\u00e9phone: \u00a004 88 07 70 13<br \/>\n\u2013 voie \u00e9lectronique en m\u2019envoyant un email \u00e0 : andre.diwine@gmail.com<\/p>\n<p>Son num\u00e9ro siret est :<br \/>\nSon num\u00e9ro de formateur est :<\/p>\n<h2>2. H\u00e9bergement<\/h2>\n<p>Le site www.centrebrguet.fr est h\u00e9berg\u00e9 en France par : OVH domicili\u00e9 au 140 Quai du Sartel, 59 100 Roubaix, France.<br \/>\nPour joindre OVH par t\u00e9l\u00e9phone :<br \/>\n1007 (num\u00e9ro unique gratuit)** : gratuit depuis un poste fixe, hors surco\u00fbt \u00e9ventuel selon op\u00e9rateur depuis une ligne mobile.Votre Service Commercial OVH est uniquement ouvert du Lun \u2013 Vend : 8h30 \u2013 19h. Europe+33 9 72 10 10 07(Prix d\u2019un appel vers un poste fixe en France).<\/p>\n<h2>3. Propri\u00e9t\u00e9<\/h2>\n<p>Le site andre-diwine.com est la propri\u00e9t\u00e9 de Andr\u00e9 Diwine.<br \/>\nToute reproduction ou repr\u00e9sentation totale ou partielle de ce site par quelque proc\u00e9d\u00e9 que ce soit, sans l\u2019autorisation expresse de Marie-Odile Pirus est interdite et constituerait une contrefa\u00e7on sanctionn\u00e9e par les articles L 335-2 et suivant du Code la propri\u00e9t\u00e9 intellectuelle.<br \/>\nTout autre mat\u00e9riel contenu sur ce site n\u2019appartenant pas \u00e0 Andr\u00e9 Diwine (photos, textes, images, logos, noms de produits ou marques cit\u00e9es) est la propri\u00e9t\u00e9 de leurs d\u00e9tenteurs respectifs.<br \/>\nLes bases de donn\u00e9es figurant sur le site Internet sont prot\u00e9g\u00e9es par les dispositions de la loi du 11 juillet 1998 portant transposition dans le Code de la propri\u00e9t\u00e9 intellectuelle (CPI) de la directive europ\u00e9enne du 11 mars 1996 relative \u00e0 la protection juridique des bases de donn\u00e9es.<\/p>\n<h2>4. Donn\u00e9es personnelles<\/h2>\n<p>Les donn\u00e9es personnelles collect\u00e9es par centrebreguet.fr sont uniquement destin\u00e9es \u00e0 un usage interne. En aucun cas, ces donn\u00e9es ne seront c\u00e9d\u00e9es ou vendues \u00e0 des tiers.<br \/>\nConform\u00e9ment \u00e0 l\u2019article 39 de la loi du 6 janvier 1978 relative \u00e0 l\u2019informatique, aux fichiers et aux libert\u00e9s, vous avez un droit d\u2019acc\u00e8s, de modification et d\u2019opposition sur vos donn\u00e9es personnelles enregistr\u00e9es par ce site.<br \/>\nPour toute modification, merci de contacter Andr\u00e9 Diwine par email (andr\u00e9.diwine@gmail.com) en indiquant votre nom, pr\u00e9nom ainsi que votre adresse mail.<\/p>\n","protected":false},"excerpt":{"rendered":"<p>1. Editeur et Responsable de la publication : Andr\u00e9 Diwine 17 rue, de l&rsquo;Oriflamme 84 000 Avignon Vous pouvez contacter Andr\u00e9 Diwine par \u2013 t\u00e9l\u00e9phone: \u00a004 88 07 70 13 \u2013 voie \u00e9lectronique en m\u2019envoyant un email \u00e0 : andre.diwine@gmail.com Son num\u00e9ro siret est : Son num\u00e9ro de formateur est : 2. H\u00e9bergement Le site [&hellip;]<\/p>\n","protected":false},"author":1,"featured_media":0,"parent":0,"menu_order":0,"comment_status":"closed","ping_status":"closed","template":"","meta":{"_et_pb_use_builder":"","_et_pb_old_content":"","_et_gb_content_width":"","footnotes":""},"class_list":["post-178","page","type-page","status-publish","hentry"],"jetpack_sharing_enabled":true,"_links":{"self":[{"href":"https:\/\/andre-diwine.com\/index.php\/wp-json\/wp\/v2\/pages\/178"}],"collection":[{"href":"https:\/\/andre-diwine.com\/index.php\/wp-json\/wp\/v2\/pages"}],"about":[{"href":"https:\/\/andre-diwine.com\/index.php\/wp-json\/wp\/v2\/types\/page"}],"author":[{"embeddable":true,"href":"https:\/\/andre-diwine.com\/index.php\/wp-json\/wp\/v2\/users\/1"}],"replies":[{"embeddable":true,"href":"https:\/\/andre-diwine.com\/index.php\/wp-json\/wp\/v2\/comments?post=178"}],"version-history":[{"count":3,"href":"https:\/\/andre-diwine.com\/index.php\/wp-json\/wp\/v2\/pages\/178\/revisions"}],"predecessor-version":[{"id":184,"href":"https:\/\/andre-diwine.com\/index.php\/wp-json\/wp\/v2\/pages\/178\/revisions\/184"}],"wp:attachment":[{"href":"https:\/\/andre-diwine.com\/index.php\/wp-json\/wp\/v2\/media?parent=178"}],"curies":[{"name":"wp","href":"https:\/\/api.w.org\/{rel}","templated":true}]}}